{"id":176,"date":"2018-02-23T03:32:23","date_gmt":"2018-02-23T03:32:23","guid":{"rendered":"http:\/\/foja.themesawesome.com\/?page_id=176"},"modified":"2023-06-21T02:18:33","modified_gmt":"2023-06-20T23:18:33","slug":"about","status":"publish","type":"page","link":"https:\/\/www.luksgayrimenkuluzmani.com\/index.php\/about\/","title":{"rendered":"About"},"content":{"rendered":"\t\t<div data-elementor-type=\"wp-post\" data-elementor-id=\"176\" class=\"elementor elementor-176\">\n\t\t\t\t\t\t\t\t\t<section class=\"elementor-section elementor-top-section elementor-element elementor-element-261db3b9 elementor-section-content-middle elementor-section-boxed elementor-section-height-default elementor-section-height-default\" data-id=\"261db3b9\" data-element_type=\"section\" data-settings=\"{&quot;background_background&quot;:&quot;classic&quot;}\">\n\t\t\t\t\t\t<div class=\"elementor-container elementor-column-gap-no\">\n\t\t\t\t\t<div class=\"elementor-column elementor-col-50 elementor-top-column elementor-element elementor-element-5a6db940\" data-id=\"5a6db940\" data-element_type=\"column\">\n\t\t\t<div class=\"elementor-widget-wrap elementor-element-populated\">\n\t\t\t\t\t\t\t\t<div class=\"elementor-element elementor-element-33cda454 elementor-widget elementor-widget-image\" data-id=\"33cda454\" data-element_type=\"widget\" data-widget_type=\"image.default\">\n\t\t\t\t<div class=\"elementor-widget-container\">\n\t\t\t<style>\/*! elementor - v3.12.2 - 23-04-2023 *\/\n.elementor-widget-image{text-align:center}.elementor-widget-image a{display:inline-block}.elementor-widget-image a img[src$=\".svg\"]{width:48px}.elementor-widget-image img{vertical-align:middle;display:inline-block}<\/style>\t\t\t\t\t\t\t\t\t\t\t\t<img decoding=\"async\" src=\"https:\/\/www.luksgayrimenkuluzmani.com\/wp-content\/uploads\/2023\/05\/203282-3-4-217x300-1.png\" title=\"203282-3-4-217&#215;300\" alt=\"203282-3-4-217x300\" loading=\"lazy\" \/>\t\t\t\t\t\t\t\t\t\t\t\t\t\t\t<\/div>\n\t\t\t\t<\/div>\n\t\t\t\t<div class=\"elementor-element elementor-element-9ed7411 the-title-center elementor-widget elementor-widget-foja-head-title\" data-id=\"9ed7411\" data-element_type=\"widget\" data-widget_type=\"foja-head-title.default\">\n\t\t\t\t<div class=\"elementor-widget-container\">\n\t\t\t<div class=\"head-title head-title-2 text-center clearfix\">\r\n\t<h2 class=\"the-title\">\r\n\t\t\t\tTaciser Da\u011ftekin\t<\/h2>\r\n<\/div>\r\n\t\t\t\t<\/div>\n\t\t\t\t<\/div>\n\t\t\t\t<div class=\"elementor-element elementor-element-12a0bd8 the-title-center elementor-widget elementor-widget-foja-head-title\" data-id=\"12a0bd8\" data-element_type=\"widget\" data-widget_type=\"foja-head-title.default\">\n\t\t\t\t<div class=\"elementor-widget-container\">\n\t\t\t<div class=\"head-title head-title-2 text-center clearfix\">\r\n\t<h3 class=\"the-title\">\r\n\t\t\t\tTuryap L\u00fcks Gayrimenkul Dan\u0131\u015fman\u0131\t<\/h3>\r\n<\/div>\r\n\t\t\t\t<\/div>\n\t\t\t\t<\/div>\n\t\t\t\t\t<\/div>\n\t\t<\/div>\n\t\t\t\t<div class=\"elementor-column elementor-col-50 elementor-top-column elementor-element elementor-element-4450177f\" data-id=\"4450177f\" data-element_type=\"column\">\n\t\t\t<div class=\"elementor-widget-wrap elementor-element-populated\">\n\t\t\t\t\t\t\t\t<div class=\"elementor-element elementor-element-0a99dcf elementor-widget elementor-widget-foja-text\" data-id=\"0a99dcf\" data-element_type=\"widget\" data-widget_type=\"foja-text.default\">\n\t\t\t\t<div class=\"elementor-widget-container\">\n\t\t\t<div class=\"foja-text clearfix\">\r\n<p><span style=\"color: #ffffff;\"><b>18 y\u0131ll\u0131k Bili\u015fim Sekt\u00f6r\u00fcnde Finans alan\u0131nda y\u00f6neticilik kariyerimin ard\u0131ndan,\u00a0<\/b><b>Turyap kariyerime ba\u015flad\u0131m.\u00a0<\/b><b>Profesyonel ve teknolojik sat\u0131\u015f y\u00f6ntemleriyle mahallenizdeki <\/b><b>m\u00fclkleri k\u0131sa s\u00fcrede satmaktay\u0131m.<\/b><\/span><\/p><\/div>\t\t<\/div>\n\t\t\t\t<\/div>\n\t\t\t\t<section class=\"elementor-section elementor-inner-section elementor-element elementor-element-4f0a3be9 elementor-section-boxed elementor-section-height-default elementor-section-height-default\" data-id=\"4f0a3be9\" data-element_type=\"section\">\n\t\t\t\t\t\t<div class=\"elementor-container elementor-column-gap-no\">\n\t\t\t\t\t<div class=\"elementor-column elementor-col-100 elementor-inner-column elementor-element elementor-element-8788e44\" data-id=\"8788e44\" data-element_type=\"column\">\n\t\t\t<div class=\"elementor-widget-wrap\">\n\t\t\t\t\t\t\t\t\t<\/div>\n\t\t<\/div>\n\t\t\t\t\t\t\t<\/div>\n\t\t<\/section>\n\t\t\t\t\t<\/div>\n\t\t<\/div>\n\t\t\t\t\t\t\t<\/div>\n\t\t<\/section>\n\t\t\t\t\t\t\t<\/div>\n\t\t","protected":false},"excerpt":{"rendered":"","protected":false},"author":1,"featured_media":0,"parent":0,"menu_order":0,"comment_status":"closed","ping_status":"closed","template":"template\/page-builder-template.php","meta":[],"acf":[],"_links":{"self":[{"href":"https:\/\/www.luksgayrimenkuluzmani.com\/index.php\/wp-json\/wp\/v2\/pages\/176"}],"collection":[{"href":"https:\/\/www.luksgayrimenkuluzmani.com\/index.php\/wp-json\/wp\/v2\/pages"}],"about":[{"href":"https:\/\/www.luksgayrimenkuluzmani.com\/index.php\/wp-json\/wp\/v2\/types\/page"}],"author":[{"embeddable":true,"href":"https:\/\/www.luksgayrimenkuluzmani.com\/index.php\/wp-json\/wp\/v2\/users\/1"}],"replies":[{"embeddable":true,"href":"https:\/\/www.luksgayrimenkuluzmani.com\/index.php\/wp-json\/wp\/v2\/comments?post=176"}],"version-history":[{"count":40,"href":"https:\/\/www.luksgayrimenkuluzmani.com\/index.php\/wp-json\/wp\/v2\/pages\/176\/revisions"}],"predecessor-version":[{"id":1149,"href":"https:\/\/www.luksgayrimenkuluzmani.com\/index.php\/wp-json\/wp\/v2\/pages\/176\/revisions\/1149"}],"wp:attachment":[{"href":"https:\/\/www.luksgayrimenkuluzmani.com\/index.php\/wp-json\/wp\/v2\/media?parent=176"}],"curies":[{"name":"wp","href":"https:\/\/api.w.org\/{rel}","templated":true}]}}